{"id":249,"date":"2023-12-15T18:25:46","date_gmt":"2023-12-15T18:25:46","guid":{"rendered":"https:\/\/gradoscelsiusmarketing.com\/?page_id=249"},"modified":"2023-12-15T18:27:32","modified_gmt":"2023-12-15T18:27:32","slug":"politicas-de-privacidad","status":"publish","type":"page","link":"https:\/\/gradoscelsiusmarketing.com\/index.php\/politicas-de-privacidad\/","title":{"rendered":"Pol\u00edticas de privacidad"},"content":{"rendered":"\t\t<div data-elementor-type=\"wp-page\" data-elementor-id=\"249\" class=\"elementor elementor-249\">\n\t\t\t\t\t\t\t\t\t<section class=\"elementor-section elementor-top-section elementor-element elementor-element-db8e66a elementor-section-boxed elementor-section-height-default elementor-section-height-default\" data-id=\"db8e66a\" data-element_type=\"section\">\n\t\t\t\t\t\t<div class=\"elementor-container elementor-column-gap-default\">\n\t\t\t\t\t<div class=\"elementor-column elementor-col-100 elementor-top-column elementor-element elementor-element-c2008cd\" data-id=\"c2008cd\" data-element_type=\"column\">\n\t\t\t<div class=\"elementor-widget-wrap elementor-element-populated\">\n\t\t\t\t\t\t\t\t<div class=\"elementor-element elementor-element-1bdaec0 elementor-widget elementor-widget-heading\" data-id=\"1bdaec0\" data-element_type=\"widget\" data-widget_type=\"heading.default\">\n\t\t\t\t<div class=\"elementor-widget-container\">\n\t\t\t<style>\/*! elementor - v3.16.0 - 09-10-2023 *\/\n.elementor-heading-title{padding:0;margin:0;line-height:1}.elementor-widget-heading .elementor-heading-title[class*=elementor-size-]>a{color:inherit;font-size:inherit;line-height:inherit}.elementor-widget-heading .elementor-heading-title.elementor-size-small{font-size:15px}.elementor-widget-heading .elementor-heading-title.elementor-size-medium{font-size:19px}.elementor-widget-heading .elementor-heading-title.elementor-size-large{font-size:29px}.elementor-widget-heading .elementor-heading-title.elementor-size-xl{font-size:39px}.elementor-widget-heading .elementor-heading-title.elementor-size-xxl{font-size:59px}<\/style><h2 class=\"elementor-heading-title elementor-size-default\">Pol\u00edticas de privacidad<\/h2>\t\t<\/div>\n\t\t\t\t<\/div>\n\t\t\t\t<div class=\"elementor-element elementor-element-454e593 elementor-widget elementor-widget-text-editor\" data-id=\"454e593\" data-element_type=\"widget\" data-widget_type=\"text-editor.default\">\n\t\t\t\t<div class=\"elementor-widget-container\">\n\t\t\t<style>\/*! elementor - v3.16.0 - 09-10-2023 *\/\n.elementor-widget-text-editor.elementor-drop-cap-view-stacked .elementor-drop-cap{background-color:#69727d;color:#fff}.elementor-widget-text-editor.elementor-drop-cap-view-framed .elementor-drop-cap{color:#69727d;border:3px solid;background-color:transparent}.elementor-widget-text-editor:not(.elementor-drop-cap-view-default) .elementor-drop-cap{margin-top:8px}.elementor-widget-text-editor:not(.elementor-drop-cap-view-default) .elementor-drop-cap-letter{width:1em;height:1em}.elementor-widget-text-editor .elementor-drop-cap{float:left;text-align:center;line-height:1;font-size:50px}.elementor-widget-text-editor .elementor-drop-cap-letter{display:inline-block}<\/style>\t\t\t\t<p><span style=\"font-weight: 400;\">Pol\u00edtica de privacidad<\/span><\/p>\n<p><span style=\"font-weight: 400;\">gradoscelsiusmarketing.com , te informa como titular y responsable del tratamiento de datos personales que \u00e9sta cumple con la normativa europea y nacional de protecci\u00f3n de datos personales y en base al principio de transparencia e informaci\u00f3n lleva a cabo el siguiente esquema de tratamiento de datos personales y ponerlo a disposici\u00f3n de los usuarios de una forma sencilla y clara.<\/span><\/p>\n<p><span style=\"font-weight: 400;\">De igual forma, te informamos que los datos personales tratados por&nbsp;<\/span>gradoscelsiusmarketing.com<span style=\"font-weight: 400;\">&nbsp;ser\u00e1n minimizados lo m\u00e1ximo posible para cada una de las finalidades expuestas, tratando aquellos con la menor o indispensable informaci\u00f3n asociada a la identificaci\u00f3n personal para la correcta prestaci\u00f3n del servicio o solicitud del interesado.<\/span><\/p>\n<p><span style=\"font-weight: 400;\">Informaci\u00f3n sobre el Tratamiento de Datos Personales<\/span><\/p>\n<p><span style=\"font-weight: 400;\">Responsable del Tratamiento<\/span><\/p>\n<p><span style=\"color: var( --e-global-color-text );\">AGENCIA-XYZ.COM<\/span><span style=\"font-weight: 400;\">&nbsp;<\/span><\/p>\n<p><span style=\"font-weight: 400;\">Remisi\u00f3n de boletines informativos o newsletter.<\/span><\/p>\n<p><span style=\"font-weight: 400;\">Gesti\u00f3n de plataformas sociales titularidad o asociadas a&nbsp;<\/span>gradoscelsiusmarketing.com<span style=\"font-weight: 400;\">&nbsp;<\/span><\/p>\n<p><span style=\"font-weight: 400;\">Cookies propias y de terceros basadas en preferencias.<\/span><\/p>\n<p><span style=\"font-weight: 400;\">Contacto<\/span><\/p>\n<p><span style=\"font-weight: 400;\">Alta en nuestra web o medios sociales.<\/span><\/p>\n<p><span style=\"font-weight: 400;\">En todo caso, en cada uno de los formularios que incluimos en nuestra p\u00e1gina web, se especifica la finalidad para la cual ser\u00e1n utilizados los mismos, de forma sencilla y clara, de tal forma que el interesado siempre pueda tener el control sobre sus datos personales.<\/span><\/p>\n<p><span style=\"font-weight: 400;\">Base Jur\u00eddica<\/span><\/p>\n<p><span style=\"font-weight: 400;\">Art\u00edculo 6.1 a) RGPD. Consentimiento interesado.<\/span><\/p>\n<p><span style=\"font-weight: 400;\">Art\u00edculo 6.1b) RGPD. Para la ejecuci\u00f3n de un contrato.<\/span><\/p>\n<p><span style=\"font-weight: 400;\">Art\u00edculo 6.1.d) RGPD. Para el cumplimiento de intereses leg\u00edtimos.<\/span><\/p>\n<p><span style=\"font-weight: 400;\">Ejercicio de Derechos<\/span><\/p>\n<p><span style=\"font-weight: 400;\">Se reconocen los derechos afectos de acceso, rectificaci\u00f3n, cancelaci\u00f3n, oposici\u00f3n, supresi\u00f3n, limitaci\u00f3n, portabilidad a trav\u00e9s de la direcci\u00f3n electr\u00f3nica&nbsp;<\/span><span style=\"color: var( --e-global-color-primary );\">gradoscelsiusmarketing@gmail.com<\/span><\/p>\n<p><span style=\"font-weight: 400;\">Desistimiento<\/span><\/p>\n<p><span style=\"font-weight: 400;\">Gratuito a petici\u00f3n del afectado.<\/span><\/p>\n<p><span style=\"font-weight: 400;\">Conservaci\u00f3n<\/span><\/p>\n<p><span style=\"font-weight: 400;\">Los datos personales ser\u00e1n conservados durante el m\u00ednimo plazo necesario, dependiendo la responsabilidad que pudiere derivar y, aquellos tratamientos que no afecten a la responsabilidad civil, mercantil y\/o fiscal ser\u00e1n conservados por plazo no superior a 13 meses.<\/span><\/p>\n<p><span style=\"font-weight: 400;\">Destinatarios<\/span><\/p>\n<p><span style=\"font-weight: 400;\">Encargados de tratamiento \u2013hosting.<\/span><\/p>\n<p><span style=\"font-weight: 400;\">Reclamaci\u00f3n<\/span><\/p>\n<p><span style=\"font-weight: 400;\">Podr\u00e1 dirigir sus reclamaciones en materia de protecci\u00f3n de datos ante la Agencia Espa\u00f1ola de Protecci\u00f3n de Datos www.agpd.es.<\/span><\/p>\n<p><span style=\"font-weight: 400;\">Comunicaci\u00f3n de Datos<\/span><\/p>\n<p><span style=\"font-weight: 400;\">No se prev\u00e9n comunicaciones de datos que no se encuentren amparada en imperativo legal.<\/span><\/p>\n<p><span style=\"font-weight: 400;\">Informaci\u00f3n Adicional<\/span><\/p>\n<p><span style=\"color: var( --e-global-color-primary );\">gradoscelsiusmarketing.com<\/span><span style=\"font-weight: 400;\">&nbsp;<\/span><\/p>\n<p><span style=\"font-weight: 400;\">\u00a9 2023.&nbsp;<\/span>gradoscelsiusmarketing.com<span style=\"font-weight: 400;\">&nbsp;TODOS LOS DERECHOS RESERVADOS<\/span><\/p>\t\t\t\t\t\t<\/div>\n\t\t\t\t<\/div>\n\t\t\t\t\t<\/div>\n\t\t<\/div>\n\t\t\t\t\t\t\t<\/div>\n\t\t<\/section>\n\t\t\t\t\t\t\t<\/div>\n\t\t","protected":false},"excerpt":{"rendered":"<p>Pol\u00edticas de privacidad Pol\u00edtica de privacidad gradoscelsiusmarketing.com , te informa como titular y responsable del tratamiento de datos personales que \u00e9sta cumple con la normativa europea y nacional de protecci\u00f3n de datos personales y en base al principio de transparencia e informaci\u00f3n lleva a cabo el siguiente esquema de tratamiento de datos personales y ponerlo [&hellip;]<\/p>\n","protected":false},"author":1,"featured_media":0,"parent":0,"menu_order":0,"comment_status":"closed","ping_status":"closed","template":"elementor_canvas","meta":{"footnotes":""},"_links":{"self":[{"href":"https:\/\/gradoscelsiusmarketing.com\/index.php\/wp-json\/wp\/v2\/pages\/249"}],"collection":[{"href":"https:\/\/gradoscelsiusmarketing.com\/index.php\/wp-json\/wp\/v2\/pages"}],"about":[{"href":"https:\/\/gradoscelsiusmarketing.com\/index.php\/wp-json\/wp\/v2\/types\/page"}],"author":[{"embeddable":true,"href":"https:\/\/gradoscelsiusmarketing.com\/index.php\/wp-json\/wp\/v2\/users\/1"}],"replies":[{"embeddable":true,"href":"https:\/\/gradoscelsiusmarketing.com\/index.php\/wp-json\/wp\/v2\/comments?post=249"}],"version-history":[{"count":7,"href":"https:\/\/gradoscelsiusmarketing.com\/index.php\/wp-json\/wp\/v2\/pages\/249\/revisions"}],"predecessor-version":[{"id":257,"href":"https:\/\/gradoscelsiusmarketing.com\/index.php\/wp-json\/wp\/v2\/pages\/249\/revisions\/257"}],"wp:attachment":[{"href":"https:\/\/gradoscelsiusmarketing.com\/index.php\/wp-json\/wp\/v2\/media?parent=249"}],"curies":[{"name":"wp","href":"https:\/\/api.w.org\/{rel}","templated":true}]}}